{"id":199,"date":"2023-02-09T20:40:16","date_gmt":"2023-02-09T20:40:16","guid":{"rendered":"https:\/\/unimer.rs\/?page_id=199"},"modified":"2023-02-09T20:44:35","modified_gmt":"2023-02-09T20:44:35","slug":"transportni-sistemi","status":"publish","type":"page","link":"https:\/\/unimer.rs\/index.php\/proizvodni-program\/transportni-sistemi\/","title":{"rendered":"Transportni sistemi"},"content":{"rendered":"\t\t<div data-elementor-type=\"wp-page\" data-elementor-id=\"199\" class=\"elementor elementor-199\">\n\t\t\t\t\t\t\t\t\t<section class=\"elementor-section elementor-top-section elementor-element elementor-element-bf32bcc elementor-section-boxed elementor-section-height-default elementor-section-height-default\" data-id=\"bf32bcc\" data-element_type=\"section\">\n\t\t\t\t\t\t<div class=\"elementor-container elementor-column-gap-default\">\n\t\t\t\t\t<div class=\"elementor-column elementor-col-100 elementor-top-column elementor-element elementor-element-3d26a8c\" data-id=\"3d26a8c\" data-element_type=\"column\">\n\t\t\t<div class=\"elementor-widget-wrap elementor-element-populated\">\n\t\t\t\t\t\t\t\t<div class=\"elementor-element elementor-element-e3e57df elementor-widget elementor-widget-heading\" data-id=\"e3e57df\" data-element_type=\"widget\" data-widget_type=\"heading.default\">\n\t\t\t\t<div class=\"elementor-widget-container\">\n\t\t\t<style>\/*! elementor - v3.8.1 - 13-11-2022 *\/\n.elementor-heading-title{padding:0;margin:0;line-height:1}.elementor-widget-heading .elementor-heading-title[class*=elementor-size-]>a{color:inherit;font-size:inherit;line-height:inherit}.elementor-widget-heading .elementor-heading-title.elementor-size-small{font-size:15px}.elementor-widget-heading .elementor-heading-title.elementor-size-medium{font-size:19px}.elementor-widget-heading .elementor-heading-title.elementor-size-large{font-size:29px}.elementor-widget-heading .elementor-heading-title.elementor-size-xl{font-size:39px}.elementor-widget-heading .elementor-heading-title.elementor-size-xxl{font-size:59px}<\/style><h2 class=\"elementor-heading-title elementor-size-default\">Transportni sistemi<\/h2>\t\t<\/div>\n\t\t\t\t<\/div>\n\t\t\t\t\t<\/div>\n\t\t<\/div>\n\t\t\t\t\t\t\t<\/div>\n\t\t<\/section>\n\t\t\t\t<section class=\"elementor-section elementor-top-section elementor-element elementor-element-39c615f elementor-section-boxed elementor-section-height-default elementor-section-height-default\" data-id=\"39c615f\" data-element_type=\"section\">\n\t\t\t\t\t\t<div class=\"elementor-container elementor-column-gap-default\">\n\t\t\t\t\t<div class=\"elementor-column elementor-col-100 elementor-top-column elementor-element elementor-element-664e4b7\" data-id=\"664e4b7\" data-element_type=\"column\">\n\t\t\t<div class=\"elementor-widget-wrap elementor-element-populated\">\n\t\t\t\t\t\t\t\t<div class=\"elementor-element elementor-element-e0e1ae8 elementor-widget elementor-widget-text-editor\" data-id=\"e0e1ae8\" data-element_type=\"widget\" data-widget_type=\"text-editor.default\">\n\t\t\t\t<div class=\"elementor-widget-container\">\n\t\t\t<style>\/*! elementor - v3.8.1 - 13-11-2022 *\/\n.elementor-widget-text-editor.elementor-drop-cap-view-stacked .elementor-drop-cap{background-color:#818a91;color:#fff}.elementor-widget-text-editor.elementor-drop-cap-view-framed .elementor-drop-cap{color:#818a91;border:3px solid;background-color:transparent}.elementor-widget-text-editor:not(.elementor-drop-cap-view-default) .elementor-drop-cap{margin-top:8px}.elementor-widget-text-editor:not(.elementor-drop-cap-view-default) .elementor-drop-cap-letter{width:1em;height:1em}.elementor-widget-text-editor .elementor-drop-cap{float:left;text-align:center;line-height:1;font-size:50px}.elementor-widget-text-editor .elementor-drop-cap-letter{display:inline-block}<\/style>\t\t\t\t<p>Proizvodnja sistema za transport robe i materijala uklju\u010duje kori\u0161\u0107enje razli\u010ditih tehnologija i materijala kako bi se osiguralo da se roba i materijal efikasno i sigurno transportuju od ta\u010dke A do ta\u010dke B. Ova oprema uklju\u010duje konvejere, transportne trake, \u017ei\u010dane mre\u017ee, \u017ei\u010dane dizalice i druge mehanizme za transport.<br \/>U procesu proizvodnje, in\u017eenjeri i tehni\u010dari na\u0161e firme UNIMER koriste svoja znanja i iskustva kako bi dizajnirali i izradili efikasne i funkcionalne sisteme za transport. Oni koriste razli\u010dite materijale, uklju\u010duju\u0107i metal, drvo, gumu, plastiku i druge materijale, kako bi osigurali da sistemi budu izdr\u017eljivi i sposobni da podnesu sve potrebne optere\u0107enja.<br \/>Nakon proizvodnje, sistemi za transport robe i materijala se redovno testiraju i ispituju kako bi se osiguralo da funkcioni\u0161u ispravno. Ova ispitivanja uklju\u010duju brzi test &#8220;tr\u010danja&#8221;, testiranje nosivosti i testiranje raspodele te\u017eine.<br \/>Ukratko, proizvodnja sistema za transport robe i materijala zahteva pa\u017eljiv pristup i preciznost kako bi se osiguralo da sistemi funkcioni\u0161u ispravno i zadovolje zahteve kupaca.<\/p>\t\t\t\t\t\t<\/div>\n\t\t\t\t<\/div>\n\t\t\t\t\t<\/div>\n\t\t<\/div>\n\t\t\t\t\t\t\t<\/div>\n\t\t<\/section>\n\t\t\t\t\t\t\t<\/div>\n\t\t","protected":false},"excerpt":{"rendered":"<p>Transportni sistemi Proizvodnja sistema za transport robe i materijala uklju\u010duje kori\u0161\u0107enje razli\u010ditih tehnologija i materijala kako bi se osiguralo da se roba i materijal efikasno i sigurno transportuju od ta\u010dke A do ta\u010dke B. Ova oprema uklju\u010duje konvejere, transportne trake, \u017ei\u010dane mre\u017ee, \u017ei\u010dane dizalice i druge mehanizme za transport.U procesu proizvodnje, in\u017eenjeri i tehni\u010dari na\u0161e firme UNIMER koriste svoja znanja i iskustva kako bi dizajnirali i izradili efikasne i funkcionalne sisteme za transport. Oni koriste razli\u010dite materijale, uklju\u010duju\u0107i metal, drvo, gumu, plastiku i druge materijale, kako bi osigurali da sistemi budu izdr\u017eljivi i sposobni da podnesu sve potrebne optere\u0107enja.Nakon proizvodnje,\u2026<\/p>\n","protected":false},"author":1,"featured_media":0,"parent":17,"menu_order":40,"comment_status":"closed","ping_status":"closed","template":"","meta":{"footnotes":""},"class_list":["post-199","page","type-page","status-publish","hentry"],"blocksy_meta":{"styles_descriptor":{"styles":{"desktop":"","tablet":"","mobile":""},"google_fonts":[],"version":5}},"_links":{"self":[{"href":"https:\/\/unimer.rs\/index.php\/wp-json\/wp\/v2\/pages\/199","targetHints":{"allow":["GET"]}}],"collection":[{"href":"https:\/\/unimer.rs\/index.php\/wp-json\/wp\/v2\/pages"}],"about":[{"href":"https:\/\/unimer.rs\/index.php\/wp-json\/wp\/v2\/types\/page"}],"author":[{"embeddable":true,"href":"https:\/\/unimer.rs\/index.php\/wp-json\/wp\/v2\/users\/1"}],"replies":[{"embeddable":true,"href":"https:\/\/unimer.rs\/index.php\/wp-json\/wp\/v2\/comments?post=199"}],"version-history":[{"count":7,"href":"https:\/\/unimer.rs\/index.php\/wp-json\/wp\/v2\/pages\/199\/revisions"}],"predecessor-version":[{"id":207,"href":"https:\/\/unimer.rs\/index.php\/wp-json\/wp\/v2\/pages\/199\/revisions\/207"}],"up":[{"embeddable":true,"href":"https:\/\/unimer.rs\/index.php\/wp-json\/wp\/v2\/pages\/17"}],"wp:attachment":[{"href":"https:\/\/unimer.rs\/index.php\/wp-json\/wp\/v2\/media?parent=199"}],"curies":[{"name":"wp","href":"https:\/\/api.w.org\/{rel}","templated":true}]}}