{"id":170,"date":"2023-02-09T19:03:17","date_gmt":"2023-02-09T19:03:17","guid":{"rendered":"https:\/\/unimer.rs\/?page_id=170"},"modified":"2023-02-09T20:35:40","modified_gmt":"2023-02-09T20:35:40","slug":"sistemi-za-doziranje","status":"publish","type":"page","link":"https:\/\/unimer.rs\/index.php\/proizvodni-program\/sistemi-za-doziranje\/","title":{"rendered":"Sistemi za doziranje"},"content":{"rendered":"\t\t<div data-elementor-type=\"wp-page\" data-elementor-id=\"170\" class=\"elementor elementor-170\">\n\t\t\t\t\t\t\t\t\t<section class=\"elementor-section elementor-top-section elementor-element elementor-element-55fde93 elementor-section-boxed elementor-section-height-default elementor-section-height-default\" data-id=\"55fde93\" data-element_type=\"section\">\n\t\t\t\t\t\t<div class=\"elementor-container elementor-column-gap-default\">\n\t\t\t\t\t<div class=\"elementor-column elementor-col-100 elementor-top-column elementor-element elementor-element-089f187\" data-id=\"089f187\" data-element_type=\"column\">\n\t\t\t<div class=\"elementor-widget-wrap\">\n\t\t\t\t\t\t\t\t\t<\/div>\n\t\t<\/div>\n\t\t\t\t\t\t\t<\/div>\n\t\t<\/section>\n\t\t\t\t<section class=\"elementor-section elementor-top-section elementor-element elementor-element-35bbcc8 elementor-section-boxed elementor-section-height-default elementor-section-height-default\" data-id=\"35bbcc8\" data-element_type=\"section\">\n\t\t\t\t\t\t<div class=\"elementor-container elementor-column-gap-default\">\n\t\t\t\t\t<div class=\"elementor-column elementor-col-100 elementor-top-column elementor-element elementor-element-9166d5b\" data-id=\"9166d5b\" data-element_type=\"column\">\n\t\t\t<div class=\"elementor-widget-wrap elementor-element-populated\">\n\t\t\t\t\t\t\t\t<div class=\"elementor-element elementor-element-3603b6a elementor-widget elementor-widget-heading\" data-id=\"3603b6a\" data-element_type=\"widget\" data-widget_type=\"heading.default\">\n\t\t\t\t<div class=\"elementor-widget-container\">\n\t\t\t<style>\/*! elementor - v3.8.1 - 13-11-2022 *\/\n.elementor-heading-title{padding:0;margin:0;line-height:1}.elementor-widget-heading .elementor-heading-title[class*=elementor-size-]>a{color:inherit;font-size:inherit;line-height:inherit}.elementor-widget-heading .elementor-heading-title.elementor-size-small{font-size:15px}.elementor-widget-heading .elementor-heading-title.elementor-size-medium{font-size:19px}.elementor-widget-heading .elementor-heading-title.elementor-size-large{font-size:29px}.elementor-widget-heading .elementor-heading-title.elementor-size-xl{font-size:39px}.elementor-widget-heading .elementor-heading-title.elementor-size-xxl{font-size:59px}<\/style><h2 class=\"elementor-heading-title elementor-size-default\">Proizvodnja sistema za doziranje<\/h2>\t\t<\/div>\n\t\t\t\t<\/div>\n\t\t\t\t\t<\/div>\n\t\t<\/div>\n\t\t\t\t\t\t\t<\/div>\n\t\t<\/section>\n\t\t\t\t<section class=\"elementor-section elementor-top-section elementor-element elementor-element-1c8fa5f elementor-section-boxed elementor-section-height-default elementor-section-height-default\" data-id=\"1c8fa5f\" data-element_type=\"section\">\n\t\t\t\t\t\t<div class=\"elementor-container elementor-column-gap-default\">\n\t\t\t\t\t<div class=\"elementor-column elementor-col-100 elementor-top-column elementor-element elementor-element-001ec39\" data-id=\"001ec39\" data-element_type=\"column\">\n\t\t\t<div class=\"elementor-widget-wrap elementor-element-populated\">\n\t\t\t\t\t\t\t\t<div class=\"elementor-element elementor-element-eb21757 elementor-widget elementor-widget-text-editor\" data-id=\"eb21757\" data-element_type=\"widget\" data-widget_type=\"text-editor.default\">\n\t\t\t\t<div class=\"elementor-widget-container\">\n\t\t\t<style>\/*! elementor - v3.8.1 - 13-11-2022 *\/\n.elementor-widget-text-editor.elementor-drop-cap-view-stacked .elementor-drop-cap{background-color:#818a91;color:#fff}.elementor-widget-text-editor.elementor-drop-cap-view-framed .elementor-drop-cap{color:#818a91;border:3px solid;background-color:transparent}.elementor-widget-text-editor:not(.elementor-drop-cap-view-default) .elementor-drop-cap{margin-top:8px}.elementor-widget-text-editor:not(.elementor-drop-cap-view-default) .elementor-drop-cap-letter{width:1em;height:1em}.elementor-widget-text-editor .elementor-drop-cap{float:left;text-align:center;line-height:1;font-size:50px}.elementor-widget-text-editor .elementor-drop-cap-letter{display:inline-block}<\/style>\t\t\t\t<p>Proizvodnja sistema za doziranje podrazumeva slede\u0107e korake:<br \/>Razgovor sa kupcem: Ovaj korak uklju\u010duje razgovor sa kupcem kako bi se utvrdile njegove specifikacije i zahtevi za sistem za doziranje.<br \/>Dizajn i projektovanje: Nakon \u0161to se utvrde specifikacije, tim in\u017eenjera \u0107e razviti dizajn i tehni\u010dku dokumentaciju za sistem za doziranje.<br \/>Izbor materijala: U ovom koraku se odabiraju materijali za proizvodnju sistema za doziranje, uklju\u010duju\u0107i \u010delike, plastiku, brze metalne legure, itd., koji \u0107e zadovoljiti zahteve kupca.<br \/>Proizvodnja delova: Ovaj korak uklju\u010duje obradu materijala, kori\u0161\u0107enjem tehnika poput livenja, savijanja, dodatne obrade, itd. Ovi delovi se zatim sastavljaju u kompletene sistema za doziranje.<br \/>Monta\u017ea: U ovom koraku se delovi sastavljaju u kompletne sisteme za doziranje, kori\u0161\u0107enjem tehnika poput zavarivanja, lemljenja i mehani\u010dke monta\u017ee.<br \/>Programiranje i integracija: Sistem za doziranje mo\u017ee uklju\u010divati elektronske komponente poput ra\u010dunarske opreme i softvera, koji se programiraju i integri\u0161u u sistem.<br \/>Testiranje i kalibracija: Posle monta\u017ee, sistem za doziranje se testira kako bi se osiguralo da funkcioni\u0161e ispravno i da zadovoljava specifikacije kupca. Ova faza uklju\u010duje i kalibraciju sistema kako bi se osiguralo da dozira to\u010dno.<br \/>Pakovanje i distribucija: Nakon \u0161to sistem za doziranje pro\u0111e kroz testiranje i kalibraciju, on se pakuje i priprema za distribuciju.<br \/>Napomena: Ovaj opis proizvodnje sistema za doziranje mo\u017ee varirati u zavisnosti od specifikacija kupca i proizvodnog procesa. Me\u0111utim, op\u0161te, proizvodnja sistema za doziranje podrazumeva kori\u0161\u0107enje visokokvalitetnih materijala i precizne tehnologije kako bi se osiguralo da sistem za doziranje funkcioni\u0161e ta\u010dno i efikasno.<br \/>U procesu proizvodnje, kvalitet je na prvom mestu. Iz tog razloga se proizvodnja prati i kontroli\u0161e kroz celi proces, uklju\u010duju\u0107i projektovanje, proizvodnju, integraciju i testiranje. Ove kontrole kvaliteta osiguravaju da se proizvedu ispravni i pouzdani sistemi za doziranje koji \u0107e zadovoljiti zahtjeve kupca.<br \/>Posle proizvodnje, sistemi za doziranje se redovno odr\u017eavaju i popravljaju kako bi se osiguralo njihovo funkcionisanje i spre\u010davanje problema. Odr\u017eavanje i popravke \u010desto uklju\u010duju kalibraciju i zamenu delova koji su izgubili osnovnu funkciju.<br \/>Ukratko, proizvodnja sistema za doziranje zahteva preciznost, kvalitet i pa\u017eljiv pristup kako bi se osiguralo da sistemi funkcioni\u0161u ispravno i zadovolje zahteve kupca.<\/p>\t\t\t\t\t\t<\/div>\n\t\t\t\t<\/div>\n\t\t\t\t\t<\/div>\n\t\t<\/div>\n\t\t\t\t\t\t\t<\/div>\n\t\t<\/section>\n\t\t\t\t\t\t\t<\/div>\n\t\t","protected":false},"excerpt":{"rendered":"<p>Proizvodnja sistema za doziranje Proizvodnja sistema za doziranje podrazumeva slede\u0107e korake:Razgovor sa kupcem: Ovaj korak uklju\u010duje razgovor sa kupcem kako bi se utvrdile njegove specifikacije i zahtevi za sistem za doziranje.Dizajn i projektovanje: Nakon \u0161to se utvrde specifikacije, tim in\u017eenjera \u0107e razviti dizajn i tehni\u010dku dokumentaciju za sistem za doziranje.Izbor materijala: U ovom koraku se odabiraju materijali za proizvodnju sistema za doziranje, uklju\u010duju\u0107i \u010delike, plastiku, brze metalne legure, itd., koji \u0107e zadovoljiti zahteve kupca.Proizvodnja delova: Ovaj korak uklju\u010duje obradu materijala, kori\u0161\u0107enjem tehnika poput livenja, savijanja, dodatne obrade, itd. Ovi delovi se zatim sastavljaju u kompletene sistema za doziranje.Monta\u017ea: U ovom\u2026<\/p>\n","protected":false},"author":1,"featured_media":0,"parent":17,"menu_order":30,"comment_status":"closed","ping_status":"closed","template":"","meta":{"footnotes":""},"class_list":["post-170","page","type-page","status-publish","hentry"],"blocksy_meta":{"styles_descriptor":{"styles":{"desktop":"","tablet":"","mobile":""},"google_fonts":[],"version":5}},"_links":{"self":[{"href":"https:\/\/unimer.rs\/index.php\/wp-json\/wp\/v2\/pages\/170","targetHints":{"allow":["GET"]}}],"collection":[{"href":"https:\/\/unimer.rs\/index.php\/wp-json\/wp\/v2\/pages"}],"about":[{"href":"https:\/\/unimer.rs\/index.php\/wp-json\/wp\/v2\/types\/page"}],"author":[{"embeddable":true,"href":"https:\/\/unimer.rs\/index.php\/wp-json\/wp\/v2\/users\/1"}],"replies":[{"embeddable":true,"href":"https:\/\/unimer.rs\/index.php\/wp-json\/wp\/v2\/comments?post=170"}],"version-history":[{"count":13,"href":"https:\/\/unimer.rs\/index.php\/wp-json\/wp\/v2\/pages\/170\/revisions"}],"predecessor-version":[{"id":184,"href":"https:\/\/unimer.rs\/index.php\/wp-json\/wp\/v2\/pages\/170\/revisions\/184"}],"up":[{"embeddable":true,"href":"https:\/\/unimer.rs\/index.php\/wp-json\/wp\/v2\/pages\/17"}],"wp:attachment":[{"href":"https:\/\/unimer.rs\/index.php\/wp-json\/wp\/v2\/media?parent=170"}],"curies":[{"name":"wp","href":"https:\/\/api.w.org\/{rel}","templated":true}]}}