{"id":159,"date":"2023-02-09T18:49:54","date_gmt":"2023-02-09T18:49:54","guid":{"rendered":"https:\/\/unimer.rs\/?page_id=159"},"modified":"2023-02-09T20:34:39","modified_gmt":"2023-02-09T20:34:39","slug":"pakerice","status":"publish","type":"page","link":"https:\/\/unimer.rs\/index.php\/proizvodni-program\/pakerice\/","title":{"rendered":"Pakerice"},"content":{"rendered":"\t\t<div data-elementor-type=\"wp-page\" data-elementor-id=\"159\" class=\"elementor elementor-159\">\n\t\t\t\t\t\t\t\t\t<section class=\"elementor-section elementor-top-section elementor-element elementor-element-35db6e9 elementor-section-boxed elementor-section-height-default elementor-section-height-default\" data-id=\"35db6e9\" data-element_type=\"section\">\n\t\t\t\t\t\t<div class=\"elementor-container elementor-column-gap-default\">\n\t\t\t\t\t<div class=\"elementor-column elementor-col-100 elementor-top-column elementor-element elementor-element-3824559\" data-id=\"3824559\" data-element_type=\"column\">\n\t\t\t<div class=\"elementor-widget-wrap elementor-element-populated\">\n\t\t\t\t\t\t\t\t<div class=\"elementor-element elementor-element-aff7069 elementor-widget elementor-widget-heading\" data-id=\"aff7069\" data-element_type=\"widget\" data-widget_type=\"heading.default\">\n\t\t\t\t<div class=\"elementor-widget-container\">\n\t\t\t<style>\/*! elementor - v3.8.1 - 13-11-2022 *\/\n.elementor-heading-title{padding:0;margin:0;line-height:1}.elementor-widget-heading .elementor-heading-title[class*=elementor-size-]>a{color:inherit;font-size:inherit;line-height:inherit}.elementor-widget-heading .elementor-heading-title.elementor-size-small{font-size:15px}.elementor-widget-heading .elementor-heading-title.elementor-size-medium{font-size:19px}.elementor-widget-heading .elementor-heading-title.elementor-size-large{font-size:29px}.elementor-widget-heading .elementor-heading-title.elementor-size-xl{font-size:39px}.elementor-widget-heading .elementor-heading-title.elementor-size-xxl{font-size:59px}<\/style><h2 class=\"elementor-heading-title elementor-size-default\">Proizvodnja pakerica<\/h2>\t\t<\/div>\n\t\t\t\t<\/div>\n\t\t\t\t\t<\/div>\n\t\t<\/div>\n\t\t\t\t\t\t\t<\/div>\n\t\t<\/section>\n\t\t\t\t<section class=\"elementor-section elementor-top-section elementor-element elementor-element-f2d7a95 elementor-section-boxed elementor-section-height-default elementor-section-height-default\" data-id=\"f2d7a95\" data-element_type=\"section\">\n\t\t\t\t\t\t<div class=\"elementor-container elementor-column-gap-default\">\n\t\t\t\t\t<div class=\"elementor-column elementor-col-100 elementor-top-column elementor-element elementor-element-a333b86\" data-id=\"a333b86\" data-element_type=\"column\">\n\t\t\t<div class=\"elementor-widget-wrap elementor-element-populated\">\n\t\t\t\t\t\t\t\t<div class=\"elementor-element elementor-element-6feb9f9 elementor-widget elementor-widget-text-editor\" data-id=\"6feb9f9\" data-element_type=\"widget\" data-widget_type=\"text-editor.default\">\n\t\t\t\t<div class=\"elementor-widget-container\">\n\t\t\t<style>\/*! elementor - v3.8.1 - 13-11-2022 *\/\n.elementor-widget-text-editor.elementor-drop-cap-view-stacked .elementor-drop-cap{background-color:#818a91;color:#fff}.elementor-widget-text-editor.elementor-drop-cap-view-framed .elementor-drop-cap{color:#818a91;border:3px solid;background-color:transparent}.elementor-widget-text-editor:not(.elementor-drop-cap-view-default) .elementor-drop-cap{margin-top:8px}.elementor-widget-text-editor:not(.elementor-drop-cap-view-default) .elementor-drop-cap-letter{width:1em;height:1em}.elementor-widget-text-editor .elementor-drop-cap{float:left;text-align:center;line-height:1;font-size:50px}.elementor-widget-text-editor .elementor-drop-cap-letter{display:inline-block}<\/style>\t\t\t\t<p>Proizvodnja ma\u0161ina za pakovanje je proces koji obuhvata projektovanje, izradu i monta\u017eu ma\u0161ina za pakovanje. Sastoji se od razvoja hardvera, softvera i mehani\u010dkih komponenti kako bi se postigao krajnji cilj \u2013 proizvodnja u\u010dinkovitih, pouzdanih i bezbednih ma\u0161ina za pakovanje.<\/p><p>Hardver uklju\u010duje upotrebu razli\u010ditih materijala kako bi se postigla optimalna performansa u pogledu brzine i preciznosti. Kontrolni sistem je obi\u010dno izra\u0111en od \u010delika, aluminijuma, plastike ili drveta, dok su mehani\u010dke komponente uglavnom izra\u0111ene od metala.<\/p><p>Softver se koristi za upravljanje i kontrolu procesa pakovanja. Obi\u010dno se koriste programi za upravljanje procesom, kao \u0161to su programi za automatizaciju, programi za planiranje i programi za optimizaciju.<\/p><p>Monta\u017ea ma\u0161ina za pakovanje obuhvata postavljanje i povezivanje svih delova ma\u0161ine. To obi\u010dno uklju\u010duje postavljanje elektri\u010dnih kablova, mehani\u010dkih komponenti, softverskih modula i kontrolnih sistema.<\/p><p>U zavr\u0161noj fazi proizvodnje, ma\u0161ine se pokre\u0107u kako bi se proverila njihova funkcionalnost. Sve komponente, uklju\u010duju\u0107i hardver i softver, moraju da rade ispravno pre nego \u0161to se ma\u0161ina isporu\u010di kupcu.<\/p>\t\t\t\t\t\t<\/div>\n\t\t\t\t<\/div>\n\t\t\t\t\t<\/div>\n\t\t<\/div>\n\t\t\t\t\t\t\t<\/div>\n\t\t<\/section>\n\t\t\t\t\t\t\t<\/div>\n\t\t","protected":false},"excerpt":{"rendered":"<p>Proizvodnja pakerica Proizvodnja ma\u0161ina za pakovanje je proces koji obuhvata projektovanje, izradu i monta\u017eu ma\u0161ina za pakovanje. Sastoji se od razvoja hardvera, softvera i mehani\u010dkih komponenti kako bi se postigao krajnji cilj \u2013 proizvodnja u\u010dinkovitih, pouzdanih i bezbednih ma\u0161ina za pakovanje. Hardver uklju\u010duje upotrebu razli\u010ditih materijala kako bi se postigla optimalna performansa u pogledu brzine i preciznosti. Kontrolni sistem je obi\u010dno izra\u0111en od \u010delika, aluminijuma, plastike ili drveta, dok su mehani\u010dke komponente uglavnom izra\u0111ene od metala. Softver se koristi za upravljanje i kontrolu procesa pakovanja. Obi\u010dno se koriste programi za upravljanje procesom, kao \u0161to su programi za automatizaciju, programi za\u2026<\/p>\n","protected":false},"author":1,"featured_media":0,"parent":17,"menu_order":20,"comment_status":"closed","ping_status":"closed","template":"","meta":{"footnotes":""},"class_list":["post-159","page","type-page","status-publish","hentry"],"blocksy_meta":{"styles_descriptor":{"styles":{"desktop":"","tablet":"","mobile":""},"google_fonts":[],"version":5}},"_links":{"self":[{"href":"https:\/\/unimer.rs\/index.php\/wp-json\/wp\/v2\/pages\/159","targetHints":{"allow":["GET"]}}],"collection":[{"href":"https:\/\/unimer.rs\/index.php\/wp-json\/wp\/v2\/pages"}],"about":[{"href":"https:\/\/unimer.rs\/index.php\/wp-json\/wp\/v2\/types\/page"}],"author":[{"embeddable":true,"href":"https:\/\/unimer.rs\/index.php\/wp-json\/wp\/v2\/users\/1"}],"replies":[{"embeddable":true,"href":"https:\/\/unimer.rs\/index.php\/wp-json\/wp\/v2\/comments?post=159"}],"version-history":[{"count":7,"href":"https:\/\/unimer.rs\/index.php\/wp-json\/wp\/v2\/pages\/159\/revisions"}],"predecessor-version":[{"id":166,"href":"https:\/\/unimer.rs\/index.php\/wp-json\/wp\/v2\/pages\/159\/revisions\/166"}],"up":[{"embeddable":true,"href":"https:\/\/unimer.rs\/index.php\/wp-json\/wp\/v2\/pages\/17"}],"wp:attachment":[{"href":"https:\/\/unimer.rs\/index.php\/wp-json\/wp\/v2\/media?parent=159"}],"curies":[{"name":"wp","href":"https:\/\/api.w.org\/{rel}","templated":true}]}}