{"id":136,"date":"2023-02-09T18:11:18","date_gmt":"2023-02-09T18:11:18","guid":{"rendered":"https:\/\/unimer.rs\/?page_id=136"},"modified":"2023-02-09T20:35:05","modified_gmt":"2023-02-09T20:35:05","slug":"industrijske-vage","status":"publish","type":"page","link":"https:\/\/unimer.rs\/index.php\/proizvodni-program\/industrijske-vage\/","title":{"rendered":"Industrijske vage"},"content":{"rendered":"\t\t<div data-elementor-type=\"wp-page\" data-elementor-id=\"136\" class=\"elementor elementor-136\">\n\t\t\t\t\t\t\t\t\t<section class=\"elementor-section elementor-top-section elementor-element elementor-element-392a6f6 elementor-section-boxed elementor-section-height-default elementor-section-height-default\" data-id=\"392a6f6\" data-element_type=\"section\">\n\t\t\t\t\t\t<div class=\"elementor-container elementor-column-gap-default\">\n\t\t\t\t\t<div class=\"elementor-column elementor-col-100 elementor-top-column elementor-element elementor-element-be6f753\" data-id=\"be6f753\" data-element_type=\"column\">\n\t\t\t<div class=\"elementor-widget-wrap\">\n\t\t\t\t\t\t\t\t\t<\/div>\n\t\t<\/div>\n\t\t\t\t\t\t\t<\/div>\n\t\t<\/section>\n\t\t\t\t<section class=\"elementor-section elementor-top-section elementor-element elementor-element-ae4718a elementor-section-boxed elementor-section-height-default elementor-section-height-default\" data-id=\"ae4718a\" data-element_type=\"section\">\n\t\t\t\t\t\t<div class=\"elementor-container elementor-column-gap-default\">\n\t\t\t\t\t<div class=\"elementor-column elementor-col-100 elementor-top-column elementor-element elementor-element-86f60f3\" data-id=\"86f60f3\" data-element_type=\"column\">\n\t\t\t<div class=\"elementor-widget-wrap elementor-element-populated\">\n\t\t\t\t\t\t\t\t<div class=\"elementor-element elementor-element-18c874d elementor-widget elementor-widget-heading\" data-id=\"18c874d\" data-element_type=\"widget\" data-widget_type=\"heading.default\">\n\t\t\t\t<div class=\"elementor-widget-container\">\n\t\t\t<style>\/*! elementor - v3.8.1 - 13-11-2022 *\/\n.elementor-heading-title{padding:0;margin:0;line-height:1}.elementor-widget-heading .elementor-heading-title[class*=elementor-size-]>a{color:inherit;font-size:inherit;line-height:inherit}.elementor-widget-heading .elementor-heading-title.elementor-size-small{font-size:15px}.elementor-widget-heading .elementor-heading-title.elementor-size-medium{font-size:19px}.elementor-widget-heading .elementor-heading-title.elementor-size-large{font-size:29px}.elementor-widget-heading .elementor-heading-title.elementor-size-xl{font-size:39px}.elementor-widget-heading .elementor-heading-title.elementor-size-xxl{font-size:59px}<\/style><h2 class=\"elementor-heading-title elementor-size-default\">Proizvodnja industrijskih vaga i sistema za merenje<\/h2>\t\t<\/div>\n\t\t\t\t<\/div>\n\t\t\t\t\t<\/div>\n\t\t<\/div>\n\t\t\t\t\t\t\t<\/div>\n\t\t<\/section>\n\t\t\t\t<section class=\"elementor-section elementor-top-section elementor-element elementor-element-c1f2678 elementor-section-boxed elementor-section-height-default elementor-section-height-default\" data-id=\"c1f2678\" data-element_type=\"section\">\n\t\t\t\t\t\t<div class=\"elementor-container elementor-column-gap-default\">\n\t\t\t\t\t<div class=\"elementor-column elementor-col-100 elementor-top-column elementor-element elementor-element-1546fca\" data-id=\"1546fca\" data-element_type=\"column\">\n\t\t\t<div class=\"elementor-widget-wrap elementor-element-populated\">\n\t\t\t\t\t\t\t\t<div class=\"elementor-element elementor-element-e05073f elementor-widget elementor-widget-text-editor\" data-id=\"e05073f\" data-element_type=\"widget\" data-widget_type=\"text-editor.default\">\n\t\t\t\t<div class=\"elementor-widget-container\">\n\t\t\t<style>\/*! elementor - v3.8.1 - 13-11-2022 *\/\n.elementor-widget-text-editor.elementor-drop-cap-view-stacked .elementor-drop-cap{background-color:#818a91;color:#fff}.elementor-widget-text-editor.elementor-drop-cap-view-framed .elementor-drop-cap{color:#818a91;border:3px solid;background-color:transparent}.elementor-widget-text-editor:not(.elementor-drop-cap-view-default) .elementor-drop-cap{margin-top:8px}.elementor-widget-text-editor:not(.elementor-drop-cap-view-default) .elementor-drop-cap-letter{width:1em;height:1em}.elementor-widget-text-editor .elementor-drop-cap{float:left;text-align:center;line-height:1;font-size:50px}.elementor-widget-text-editor .elementor-drop-cap-letter{display:inline-block}<\/style>\t\t\t\t<p>Proizvodnju preciznih i pouzdanih ure\u0111aja koji su dizajnirani da mere masu, volumen i koli\u010dinu razli\u010ditih materijala i proizvoda.<\/p><p>Proizvodnja industrijskih vaga i sistema za merenje uklju\u010duje kori\u0161\u0107enje napredne tehnologije i visokokvalitetnih materijala kako bi se osiguralo da proizvodi zadovoljavaju najstro\u017ee standarde kvaliteta i bezbednosti.<\/p><p>Proces proizvodnje uklju\u010duje korake poput dizajniranja, projektovanja, proizvodnje, testiranja i kalibracije.<\/p><p>Dizajniranje se obi\u010dno obavlja pomo\u0107u CAD (Computer-Aided Design) i CAM (Computer-Aided Manufacturing) tehnologije.<\/p><p>Nakon dizajna, proces proizvodnje uklju\u010duje obradu materijala, monta\u017eu dijelova, testiranje i kalibraciju ure\u0111aja.<\/p><p>Kvalitet i preciznost proizvoda su klju\u010dne u proizvodnji industrijskih vaga i sistema za merenje, jer su oni va\u017eni za ta\u010dne i pouzdane rezultate merenja.<\/p><p>Zbog toga, proizvodnja industrijskih vaga i sistema za merenje zahteva visok nivo stru\u010dnosti i iskustva u oblasti in\u017eenjerstva i tehnologije \u0161to mi u UNIMERu gradimo ve\u0107 30 godina.<\/p><p>Napomena: Proizvodnja industrijskih vaga i sistema za merenje tako\u0111e zahteva po\u0161tovanje zakona i regulatornih propisa u vezi sa za\u0161titom \u010dovekove sredine, bezbednosti i kvaliteta proizvoda.<\/p>\t\t\t\t\t\t<\/div>\n\t\t\t\t<\/div>\n\t\t\t\t\t<\/div>\n\t\t<\/div>\n\t\t\t\t\t\t\t<\/div>\n\t\t<\/section>\n\t\t\t\t\t\t\t<\/div>\n\t\t","protected":false},"excerpt":{"rendered":"<p>Proizvodnja industrijskih vaga i sistema za merenje Proizvodnju preciznih i pouzdanih ure\u0111aja koji su dizajnirani da mere masu, volumen i koli\u010dinu razli\u010ditih materijala i proizvoda. Proizvodnja industrijskih vaga i sistema za merenje uklju\u010duje kori\u0161\u0107enje napredne tehnologije i visokokvalitetnih materijala kako bi se osiguralo da proizvodi zadovoljavaju najstro\u017ee standarde kvaliteta i bezbednosti. Proces proizvodnje uklju\u010duje korake poput dizajniranja, projektovanja, proizvodnje, testiranja i kalibracije. Dizajniranje se obi\u010dno obavlja pomo\u0107u CAD (Computer-Aided Design) i CAM (Computer-Aided Manufacturing) tehnologije. Nakon dizajna, proces proizvodnje uklju\u010duje obradu materijala, monta\u017eu dijelova, testiranje i kalibraciju ure\u0111aja. Kvalitet i preciznost proizvoda su klju\u010dne u proizvodnji industrijskih vaga i sistema\u2026<\/p>\n","protected":false},"author":1,"featured_media":0,"parent":17,"menu_order":10,"comment_status":"closed","ping_status":"closed","template":"","meta":{"footnotes":""},"class_list":["post-136","page","type-page","status-publish","hentry"],"blocksy_meta":{"styles_descriptor":{"styles":{"desktop":"","tablet":"","mobile":""},"google_fonts":[],"version":5}},"_links":{"self":[{"href":"https:\/\/unimer.rs\/index.php\/wp-json\/wp\/v2\/pages\/136","targetHints":{"allow":["GET"]}}],"collection":[{"href":"https:\/\/unimer.rs\/index.php\/wp-json\/wp\/v2\/pages"}],"about":[{"href":"https:\/\/unimer.rs\/index.php\/wp-json\/wp\/v2\/types\/page"}],"author":[{"embeddable":true,"href":"https:\/\/unimer.rs\/index.php\/wp-json\/wp\/v2\/users\/1"}],"replies":[{"embeddable":true,"href":"https:\/\/unimer.rs\/index.php\/wp-json\/wp\/v2\/comments?post=136"}],"version-history":[{"count":16,"href":"https:\/\/unimer.rs\/index.php\/wp-json\/wp\/v2\/pages\/136\/revisions"}],"predecessor-version":[{"id":152,"href":"https:\/\/unimer.rs\/index.php\/wp-json\/wp\/v2\/pages\/136\/revisions\/152"}],"up":[{"embeddable":true,"href":"https:\/\/unimer.rs\/index.php\/wp-json\/wp\/v2\/pages\/17"}],"wp:attachment":[{"href":"https:\/\/unimer.rs\/index.php\/wp-json\/wp\/v2\/media?parent=136"}],"curies":[{"name":"wp","href":"https:\/\/api.w.org\/{rel}","templated":true}]}}